{"id":84,"date":"2017-09-23T18:21:00","date_gmt":"2017-09-23T16:21:00","guid":{"rendered":"http:\/\/cmvsh.fr\/Essaiswordpress\/?page_id=84"},"modified":"2017-10-23T16:59:32","modified_gmt":"2017-10-23T14:59:32","slug":"qui-sommes-nous","status":"publish","type":"page","link":"https:\/\/cmvsh.fr\/Essaiswordpress\/qui-sommes-nous\/","title":{"rendered":"Qui sommes nous"},"content":{"rendered":"<p><strong>Cormicy Ma Ville Son Histoire<\/strong><\/p>\n<p>C&rsquo;est alors qu&rsquo;un artisan en ayant voulu acc\u00e9der aux combles de l&rsquo;Eglise de Cormicy\u00a0a trouv\u00e9 une statue de l&rsquo;archange Saint Michel.<\/p>\n<p>Cette statue \u00e9tait connue mais port\u00e9e disparue.<\/p>\n<p>Apr\u00e8s \u00eatre tomb\u00e9e dans l&rsquo;oublie nous avons r\u00e9alis\u00e9 qu&rsquo;il fallait faire quelque chose pour ne plus oublier.<\/p>\n<p><img fetchpriority=\"high\" decoding=\"async\" class=\"iEnTeteArticle alignleft wp-image-900\" title=\"articleUnion\" src=\"https:\/\/cmvsh.fr\/Essaiswordpress\/wp-content\/uploads\/2017\/10\/ArticleUnionCormicy.jpg\" alt=\"\" width=\"399\" height=\"309\" \/>C&rsquo;est ainsi que cette retrouvaille ayant \u00e9mu certaines personnes; elles se sont dits qu&rsquo;il fallait \u00a0essayer de transmettre l&rsquo;Histoire du village aux enfants plut\u00f4t que de voir leurs souvenirs \u00a0mourir avec eux.<br \/>\nC&rsquo;est ce que raconte l&rsquo;article de l&rsquo;UNION relatant la naissance de l&rsquo;Association <strong>C.M.V.S.H.<\/strong> ou <strong>Cormicy Ma Ville Son Histoire<\/strong>.<\/p>\n","protected":false},"excerpt":{"rendered":"<div class=\"slide-text-bg2\"><span>Cormicy Ma Ville Son Histoire C&rsquo;est alors qu&rsquo;un artisan en ayant voulu acc\u00e9der aux combles de l&rsquo;Eglise de Cormicy\u00a0a trouv\u00e9 une statue <\/span><\/div>\n<div class=\"slide-btn-area-sm\"><a href=\"https:\/\/cmvsh.fr\/Essaiswordpress\/qui-sommes-nous\/\" class=\"slide-btn-sm\">Lire la suite<\/a><\/div>\n","protected":false},"author":1,"featured_media":0,"parent":0,"menu_order":0,"comment_status":"closed","ping_status":"closed","template":"","meta":{"footnotes":""},"class_list":["post-84","page","type-page","status-publish","hentry"],"_links":{"self":[{"href":"https:\/\/cmvsh.fr\/Essaiswordpress\/wp-json\/wp\/v2\/pages\/84","targetHints":{"allow":["GET"]}}],"collection":[{"href":"https:\/\/cmvsh.fr\/Essaiswordpress\/wp-json\/wp\/v2\/pages"}],"about":[{"href":"https:\/\/cmvsh.fr\/Essaiswordpress\/wp-json\/wp\/v2\/types\/page"}],"author":[{"embeddable":true,"href":"https:\/\/cmvsh.fr\/Essaiswordpress\/wp-json\/wp\/v2\/users\/1"}],"replies":[{"embeddable":true,"href":"https:\/\/cmvsh.fr\/Essaiswordpress\/wp-json\/wp\/v2\/comments?post=84"}],"version-history":[{"count":10,"href":"https:\/\/cmvsh.fr\/Essaiswordpress\/wp-json\/wp\/v2\/pages\/84\/revisions"}],"predecessor-version":[{"id":1063,"href":"https:\/\/cmvsh.fr\/Essaiswordpress\/wp-json\/wp\/v2\/pages\/84\/revisions\/1063"}],"wp:attachment":[{"href":"https:\/\/cmvsh.fr\/Essaiswordpress\/wp-json\/wp\/v2\/media?parent=84"}],"curies":[{"name":"wp","href":"https:\/\/api.w.org\/{rel}","templated":true}]}}