{"id":6605,"date":"2025-05-26T12:47:18","date_gmt":"2025-05-26T10:47:18","guid":{"rendered":"http:\/\/cmvsh.fr\/Essaiswordpress\/?page_id=6605"},"modified":"2026-05-02T17:45:09","modified_gmt":"2026-05-02T15:45:09","slug":"a-venir","status":"publish","type":"page","link":"https:\/\/cmvsh.fr\/Essaiswordpress\/","title":{"rendered":"\u00c0 VENIR&#8230;"},"content":{"rendered":"\n<h2 class=\"wp-block-heading has-text-align-center has-pale-pink-background-color has-background\">30 mai 2026<\/h2>\n\n\n\n<p class=\"has-text-align-center has-luminous-vivid-orange-color has-very-light-gray-to-cyan-bluish-gray-gradient-background has-text-color has-background has-link-color has-large-font-size wp-elements-18eb8e4ef17c144a1660ce43d17ec06d\"><strong>Vous pouvez cliquer sur l&rsquo;affiche<\/strong><\/p>\n\n\n<div class=\"wp-block-image\">\n<figure class=\"aligncenter size-large\"><a href=\"https:\/\/youtu.be\/UkpoWidxUgA?si=cJAip82t-nQlxv2f\"><img fetchpriority=\"high\" decoding=\"async\" width=\"565\" height=\"800\" src=\"https:\/\/cmvsh.fr\/Essaiswordpress\/wp-content\/uploads\/2026\/05\/affiche-le-voyage-musical-A4-pour-web-L1080-x-H1528-565x800.jpg\" alt=\"\" class=\"wp-image-8981\" srcset=\"https:\/\/cmvsh.fr\/Essaiswordpress\/wp-content\/uploads\/2026\/05\/affiche-le-voyage-musical-A4-pour-web-L1080-x-H1528-565x800.jpg 565w, https:\/\/cmvsh.fr\/Essaiswordpress\/wp-content\/uploads\/2026\/05\/affiche-le-voyage-musical-A4-pour-web-L1080-x-H1528-212x300.jpg 212w, https:\/\/cmvsh.fr\/Essaiswordpress\/wp-content\/uploads\/2026\/05\/affiche-le-voyage-musical-A4-pour-web-L1080-x-H1528-768x1087.jpg 768w, https:\/\/cmvsh.fr\/Essaiswordpress\/wp-content\/uploads\/2026\/05\/affiche-le-voyage-musical-A4-pour-web-L1080-x-H1528.jpg 1080w\" sizes=\"(max-width: 565px) 100vw, 565px\" \/><\/a><\/figure><\/div>\n\n\n<p class=\"has-text-align-center\">La r\u00e9servation est fortement conseill\u00e9e car si il y a un contre temps \u00e0 cause de la m\u00e9t\u00e9o nous serons en mesure de vous pr\u00e9venir gr\u00e2ce \u00e0 votre email que vous laisserez en vous inscrivant.<br>Faites le savoir et invitez vos amis.<\/p>\n\n\n\n<p><\/p>\n\n\n\n<p><\/p>\n","protected":false},"excerpt":{"rendered":"<div class=\"slide-text-bg2\"><span>30 mai 2026 Vous pouvez cliquer sur l&rsquo;affiche La r\u00e9servation est fortement conseill\u00e9e car si il y a un contre temps \u00e0 cause de la m\u00e9t\u00e9o nous ser<\/span><\/div>\n<div class=\"slide-btn-area-sm\"><a href=\"https:\/\/cmvsh.fr\/Essaiswordpress\/\" class=\"slide-btn-sm\">Lire la suite<\/a><\/div>\n","protected":false},"author":1,"featured_media":0,"parent":0,"menu_order":0,"comment_status":"closed","ping_status":"closed","template":"","meta":{"footnotes":""},"class_list":["post-6605","page","type-page","status-publish","hentry"],"_links":{"self":[{"href":"https:\/\/cmvsh.fr\/Essaiswordpress\/wp-json\/wp\/v2\/pages\/6605","targetHints":{"allow":["GET"]}}],"collection":[{"href":"https:\/\/cmvsh.fr\/Essaiswordpress\/wp-json\/wp\/v2\/pages"}],"about":[{"href":"https:\/\/cmvsh.fr\/Essaiswordpress\/wp-json\/wp\/v2\/types\/page"}],"author":[{"embeddable":true,"href":"https:\/\/cmvsh.fr\/Essaiswordpress\/wp-json\/wp\/v2\/users\/1"}],"replies":[{"embeddable":true,"href":"https:\/\/cmvsh.fr\/Essaiswordpress\/wp-json\/wp\/v2\/comments?post=6605"}],"version-history":[{"count":154,"href":"https:\/\/cmvsh.fr\/Essaiswordpress\/wp-json\/wp\/v2\/pages\/6605\/revisions"}],"predecessor-version":[{"id":8987,"href":"https:\/\/cmvsh.fr\/Essaiswordpress\/wp-json\/wp\/v2\/pages\/6605\/revisions\/8987"}],"wp:attachment":[{"href":"https:\/\/cmvsh.fr\/Essaiswordpress\/wp-json\/wp\/v2\/media?parent=6605"}],"curies":[{"name":"wp","href":"https:\/\/api.w.org\/{rel}","templated":true}]}}