{"id":4533,"date":"2020-05-07T11:58:51","date_gmt":"2020-05-07T09:58:51","guid":{"rendered":"http:\/\/cmvsh.fr\/Essaiswordpress\/?page_id=4533"},"modified":"2026-03-23T12:00:15","modified_gmt":"2026-03-23T11:00:15","slug":"conseil-dadministration-2020","status":"publish","type":"page","link":"https:\/\/cmvsh.fr\/Essaiswordpress\/conseil-dadministration-2020\/","title":{"rendered":"Conseil d&rsquo;Administration"},"content":{"rendered":"\n<figure class=\"wp-block-table\"><table class=\"has-background has-fixed-layout\" style=\"background-color:#f3f4f5\"><tbody><tr><td class=\"has-text-align-center\" data-align=\"center\"><strong>Nom -Pr\u00e9nom<\/strong><\/td><td class=\"has-text-align-center\" data-align=\"center\"><strong>Adresse<\/strong><\/td><td class=\"has-text-align-center\" data-align=\"center\"><strong>T\u00e9l\u00e9phone<\/strong><\/td><td class=\"has-text-align-left\" data-align=\"left\"><strong>Couriel<\/strong><\/td><\/tr><tr><td class=\"has-text-align-center\" data-align=\"center\"><strong>Le Bureau :<\/strong><\/td><td class=\"has-text-align-center\" data-align=\"center\"><\/td><td class=\"has-text-align-center\" data-align=\"center\"><\/td><td class=\"has-text-align-left\" data-align=\"left\"><\/td><\/tr><tr><td class=\"has-text-align-center\" data-align=\"center\">LECOMTE Alain Fondateur &#8211;  Pr\u00e9sident<\/td><td class=\"has-text-align-center\" data-align=\"center\">6 rue Saint Cyr 51220 CORMICY<\/td><td class=\"has-text-align-center\" data-align=\"center\"><span id=\"eeb-353209-56816\"><\/span><script type=\"text\/javascript\">(function(){var ml=\"Er01b6%382C\",mi=\"279553797567:416702589987328\",o=\"\";for(var j=0,l=mi.length;j<l;j++){o+=ml.charAt(mi.charCodeAt(j)-48);}document.getElementById(\"eeb-353209-56816\").innerHTML = decodeURIComponent(o);}());<\/script><noscript>0326613236<br>0682283108<\/noscript><br><\/td><td class=\"has-text-align-left\" data-align=\"left\"><a href=\"mailto:lecomtemathieu@hotmail.fr\">lecomtemathieu@hotmail.fr<\/a><\/td><\/tr><tr><td class=\"has-text-align-center\" data-align=\"center\">LECOMTE Nathalie<br>           Fondatrice<br>           Vice Pr\u00e9sidente<\/td><td class=\"has-text-align-center\" data-align=\"center\">7 place Saint Lambert 51220 CORMICY<\/td><td class=\"has-text-align-center\" data-align=\"center\"><span id=\"eeb-538534-453826\"><\/span><script type=\"text\/javascript\">(function(){var ml=\"76438910\",mi=\"7015322664\",o=\"\";for(var j=0,l=mi.length;j<l;j++){o+=ml.charAt(mi.charCodeAt(j)-48);}document.getElementById(\"eeb-538534-453826\").innerHTML = decodeURIComponent(o);}());<\/script><noscript>0769344118<br><\/noscript><br><\/td><td class=\"has-text-align-left\" data-align=\"left\"><a href=\"mailto:nathalie.lecomte14@gmail.com\" target=\"_blank\" rel=\"noreferrer noopener\">nathalie.lecomte14@gmail.com<\/a><\/td><\/tr><tr><td class=\"has-text-align-center\" data-align=\"center\">GLAUX Nathalie<br>secr\u00e9taire<\/td><td class=\"has-text-align-center\" data-align=\"center\">51220 CORMICY<\/td><td class=\"has-text-align-center\" data-align=\"center\"><\/td><td class=\"has-text-align-left\" data-align=\"left\"><a href=\"mailto:nathalie.glaux@gmail.com\" target=\"_blank\" rel=\"noreferrer noopener\">nathalie.glaux@gmail.com<\/a><\/td><\/tr><tr><td class=\"has-text-align-center\" data-align=\"center\">BOILLEAU Jean-Paul<br>secr\u00e9taire adjoint<\/td><td class=\"has-text-align-center\" data-align=\"center\">15 Rue de SEVIGNE<br>51430 Tinqueux<\/td><td class=\"has-text-align-center\" data-align=\"center\">0781342011<\/td><td class=\"has-text-align-left\" data-align=\"left\"><a href=\"mailto:jean-paul.boilleau@wanadoo.fr\">jean-paul.boilleau@wanadoo.fr<\/a><\/td><\/tr><tr><td class=\"has-text-align-center\" data-align=\"center\">Jean-Paul MORIN responsable des b\u00e9n\u00e9voles<\/td><td class=\"has-text-align-center\" data-align=\"center\">CORMICY 51220<\/td><td class=\"has-text-align-center\" data-align=\"center\"><span id=\"eeb-758937-18985\"><\/span><script type=\"text\/javascript\">(function(){var ml=\"496280\",mi=\"5241335110\",o=\"\";for(var j=0,l=mi.length;j<l;j++){o+=ml.charAt(mi.charCodeAt(j)-48);}document.getElementById(\"eeb-758937-18985\").innerHTML = decodeURIComponent(o);}());<\/script><noscript>0689220994<br><\/noscript><br><\/td><td class=\"has-text-align-left\" data-align=\"left\"><a href=\"mailto:jjean-paul_morin@orange.fr\">jean-paul_morin@orange.fr<\/a><\/td><\/tr><tr><td class=\"has-text-align-center\" data-align=\"center\">COULON Gabrielle Fondatrice &#8211; Tr\u00e9sori\u00e8re<\/td><td class=\"has-text-align-center\" data-align=\"center\">2 rue des Serres 51220 CORMICY<\/td><td class=\"has-text-align-center\" data-align=\"center\"><span id=\"eeb-760110-63605\"><\/span><script type=\"text\/javascript\">(function(){var ml=\"1Eb39C627r5%0\",mi=\"<37660370:;3529;31<67678034:\",o=\"\";for(var j=0,l=mi.length;j<l;j++){o+=ml.charAt(mi.charCodeAt(j)-48);}document.getElementById(\"eeb-760110-63605\").innerHTML = decodeURIComponent(o);}());<\/script><noscript>0326613215<br>0626271395<br><\/noscript><br><\/td><td class=\"has-text-align-left\" data-align=\"left\"><a href=\"mailto:cgcoulon@orange.fr\">cgcoulon@orange.fr<\/a><\/td><\/tr><tr><td class=\"has-text-align-center\" data-align=\"center\">Sandrine DEBUT<br>tr\u00e9sori\u00e8re adjointe<br><\/td><td class=\"has-text-align-center\" data-align=\"center\">51220 CORMICY<\/td><td class=\"has-text-align-center\" data-align=\"center\"><span id=\"eeb-584202-860170\"><\/span><script type=\"text\/javascript\">(function(){var ml=\"2316709\",mi=\"5325036145\",o=\"\";for(var j=0,l=mi.length;j<l;j++){o+=ml.charAt(mi.charCodeAt(j)-48);}document.getElementById(\"eeb-584202-860170\").innerHTML = decodeURIComponent(o);}());<\/script><noscript>0610269370<br><\/noscript><br><br><\/td><td class=\"has-text-align-left\" data-align=\"left\"><a href=\"mailto:debutd@orange.fr\">debutd@orange.fr<\/a><\/td><\/tr><tr><td class=\"has-text-align-center\" data-align=\"center\"><strong>Les membres<\/strong><\/td><td class=\"has-text-align-center\" data-align=\"center\"><\/td><td class=\"has-text-align-center\" data-align=\"center\"><\/td><td class=\"has-text-align-left\" data-align=\"left\"><\/td><\/tr><tr><td class=\"has-text-align-center\" data-align=\"center\">MASSEAU Fran\u00e7ois &#8211; explorateur &#8211; actif b\u00e9n\u00e9vole<\/td><td class=\"has-text-align-center\" data-align=\"center\">51220 CORMICY<\/td><td class=\"has-text-align-center\" data-align=\"center\"><span id=\"eeb-732639-869000\"><\/span><script type=\"text\/javascript\">(function(){var ml=\"396807\",mi=\"4532120503\",o=\"\";for(var j=0,l=mi.length;j<l;j++){o+=ml.charAt(mi.charCodeAt(j)-48);}document.getElementById(\"eeb-732639-869000\").innerHTML = decodeURIComponent(o);}());<\/script><noscript>0786963738<br><\/noscript><\/td><td class=\"has-text-align-left\" data-align=\"left\"><a href=\"mailto:francoismasseau@wanadoo.fr\">francoismasseau@wanadoo.fr<\/a><\/td><\/tr><tr><td class=\"has-text-align-center\" data-align=\"center\">Josiane MORIN<br>b\u00e9n\u00e9vole<\/td><td class=\"has-text-align-center\" data-align=\"center\">02190 Berry-au-Bac<br><\/td><td class=\"has-text-align-center\" data-align=\"center\"><span id=\"eeb-471854-369667\"><\/span><script type=\"text\/javascript\">(function(){var ml=\"356701\",mi=\"4235040321\",o=\"\";for(var j=0,l=mi.length;j<l;j++){o+=ml.charAt(mi.charCodeAt(j)-48);}document.getElementById(\"eeb-471854-369667\").innerHTML = decodeURIComponent(o);}());<\/script><noscript>0671303765<br><\/noscript><br><br><\/td><td class=\"has-text-align-left\" data-align=\"left\"><a href=\"mailto:morinjosiane@orange.fr\">morinjosiane@orange.fr<\/a><\/td><\/tr><tr><td class=\"has-text-align-center\" data-align=\"center\">LECOMTE Nicole<br>           Fondatrice<\/td><td class=\"has-text-align-center\" data-align=\"center\">6 rue Saint Cyr 51220 CORMICY<\/td><td class=\"has-text-align-center\" data-align=\"center\"><span id=\"eeb-555916-51383\"><\/span><script type=\"text\/javascript\">(function(){var ml=\"8C603b27E%1r\",mi=\"34622:46429415;9483244062770\",o=\"\";for(var j=0,l=mi.length;j<l;j++){o+=ml.charAt(mi.charCodeAt(j)-48);}document.getElementById(\"eeb-555916-51383\").innerHTML = decodeURIComponent(o);}());<\/script><noscript>0326613236<br>0633826778<br><\/noscript><br><\/td><td class=\"has-text-align-left\" data-align=\"left\"><a href=\"mailto:lecomtemathieu@hotmail.fr\">lecomtemathieu@hotmail.fr<\/a><\/td><\/tr><tr><td class=\"has-text-align-center\" data-align=\"center\">MENCI\u00c8RE Annick<br>           Fondatrice<\/td><td class=\"has-text-align-center\" data-align=\"center\">38 rue du petit Guyencourt 51220 CORMICY<\/td><td class=\"has-text-align-center\" data-align=\"center\"><span id=\"eeb-539456-505216\"><\/span><script type=\"text\/javascript\">(function(){var ml=\"325106\",mi=\"4015530412\",o=\"\";for(var j=0,l=mi.length;j<l;j++){o+=ml.charAt(mi.charCodeAt(j)-48);}document.getElementById(\"eeb-539456-505216\").innerHTML = decodeURIComponent(o);}());<\/script><noscript>0326613025<br><\/noscript><br><\/td><td class=\"has-text-align-left\" data-align=\"left\"><a href=\"mailto:a.menciere@orange.fr\">a.menciere@orange.fr<\/a><\/td><\/tr><tr><td class=\"has-text-align-center\" data-align=\"center\">COULON Christian Fondateur &#8211; explorateur<\/td><td class=\"has-text-align-center\" data-align=\"center\">2 rue des Serres 51220 CORMICY<\/td><td class=\"has-text-align-center\" data-align=\"center\"><span id=\"eeb-428418-96365\"><\/span><script type=\"text\/javascript\">(function(){var ml=\"053261\",mi=\"0234452351\",o=\"\";for(var j=0,l=mi.length;j<l;j++){o+=ml.charAt(mi.charCodeAt(j)-48);}document.getElementById(\"eeb-428418-96365\").innerHTML = decodeURIComponent(o);}());<\/script><noscript>0326613215<br><\/noscript><br><\/td><td class=\"has-text-align-left\" data-align=\"left\"><a href=\"mailto:christian.coulon10@gmail.com\">christian.coulon10@gmail.com<\/a><\/td><\/tr><tr><td class=\"has-text-align-center\" data-align=\"center\">MENCI\u00c8RE Fran\u00e7ois &#8211; explorateur &#8211; responsable du site CMVSH.fr &#8211; aide \u00e0 la tr\u00e9sorerie<\/td><td class=\"has-text-align-center\" data-align=\"center\">38 rue du petit guyencourt 51220 CORMICY<\/td><td class=\"has-text-align-center\" data-align=\"center\"><span id=\"eeb-880594-78983\"><\/span><script type=\"text\/javascript\">(function(){var ml=\"305621\",mi=\"1043350142\",o=\"\";for(var j=0,l=mi.length;j<l;j++){o+=ml.charAt(mi.charCodeAt(j)-48);}document.getElementById(\"eeb-880594-78983\").innerHTML = decodeURIComponent(o);}());<\/script><noscript>0326613025<br><\/noscript><br><\/td><td class=\"has-text-align-left\" data-align=\"left\"><a href=\"mailto:dr.francois.menciere@orange.fr\">dr.francois.menciere@orange.fr<\/a><\/td><\/tr><tr><td class=\"has-text-align-center\" data-align=\"center\">DA SYLVA GOMEZ Laurent<br>b\u00e9n\u00e9vole<\/td><td class=\"has-text-align-center\" data-align=\"center\"> 51220 CORMICY<\/td><td class=\"has-text-align-center\" data-align=\"center\"><span id=\"eeb-685554-815922\"><\/span><script type=\"text\/javascript\">(function(){var ml=\"7%26E3b05rC\",mi=\"738700227815:69154\",o=\"\";for(var j=0,l=mi.length;j<l;j++){o+=ml.charAt(mi.charCodeAt(j)-48);}document.getElementById(\"eeb-685554-815922\").innerHTML = decodeURIComponent(o);}());<\/script><noscript>06 50 77 22 05<\/noscript><br><\/td><td class=\"has-text-align-left\" data-align=\"left\"><a href=\"mailto:aurentdsg@hotmail.com\" data-type=\"mailto\" data-id=\"mailto:aurentdsg@hotmail.com\">Laurent Da Sylva<\/a><\/td><\/tr><tr><td class=\"has-text-align-center\" data-align=\"center\">RICHARD Michel Fondateur &#8211; explorateur<\/td><td class=\"has-text-align-center\" data-align=\"center\">5 rue petite Fontaine 51220 CORMICY<\/td><td class=\"has-text-align-center\" data-align=\"center\"><span id=\"eeb-511045-587141\"><\/span><script type=\"text\/javascript\">(function(){var ml=\"21603\",mi=\"3402214312\",o=\"\";for(var j=0,l=mi.length;j<l;j++){o+=ml.charAt(mi.charCodeAt(j)-48);}document.getElementById(\"eeb-511045-587141\").innerHTML = decodeURIComponent(o);}());<\/script><noscript>0326613016<br><\/noscript><br><\/td><td class=\"has-text-align-left\" data-align=\"left\"><a href=\"mailto:marie.michel51@orange.fr\">marie.michel51@orange.fr<\/a><\/td><\/tr><tr><td class=\"has-text-align-center\" data-align=\"center\">DE WILDE Jean-Marc<\/td><td class=\"has-text-align-center\" data-align=\"center\">CORMICY 51220<\/td><td class=\"has-text-align-center\" data-align=\"center\"><br><\/td><td class=\"has-text-align-left\" data-align=\"left\"><a href=\"mailto:jm.dwd@orange.fr\" target=\"_blank\" rel=\"noreferrer noopener\">jm.dwd@orange.fr<\/a><\/td><\/tr><tr><td class=\"has-text-align-center\" data-align=\"center\">F\u00c9VRIER Bernard<br>explorateur b\u00e9n\u00e9vole<\/td><td class=\"has-text-align-center\" data-align=\"center\"> 51220 CORMICY<\/td><td class=\"has-text-align-center\" data-align=\"center\"><span id=\"eeb-792008-24097\"><\/span><script type=\"text\/javascript\">(function(){var ml=\"01823%6EbCr\",mi=\"04366143465498:5470623324102\",o=\"\";for(var j=0,l=mi.length;j<l;j++){o+=ml.charAt(mi.charCodeAt(j)-48);}document.getElementById(\"eeb-792008-24097\").innerHTML = decodeURIComponent(o);}());<\/script><noscript>0326613236<br>0682283108<\/noscript><br><\/td><td class=\"has-text-align-left\" data-align=\"left\"><a href=\"mailto:menuiserieben@hotmail.fr\"><\/a><a href=\"mailto:rachelfevrier86@gmail.com\" target=\"_blank\" rel=\"noreferrer noopener\">rachelfevrier86@gmail.com<\/a><\/td><\/tr><\/tbody><\/table><\/figure>\n\n\n\n<p><\/p>\n","protected":false},"excerpt":{"rendered":"<div class=\"slide-text-bg2\"><span>Nom -Pr\u00e9nom Adresse T\u00e9l\u00e9phone Couriel Le Bureau : LECOMTE Alain Fondateur &#8211; Pr\u00e9sident 6 rue Saint Cyr 51220 CORMICY lecomtemathieu@hotmail.fr LEC<\/span><\/div>\n<div class=\"slide-btn-area-sm\"><a href=\"https:\/\/cmvsh.fr\/Essaiswordpress\/conseil-dadministration-2020\/\" class=\"slide-btn-sm\">Lire la suite<\/a><\/div>\n","protected":false},"author":1,"featured_media":0,"parent":0,"menu_order":0,"comment_status":"closed","ping_status":"closed","template":"","meta":{"footnotes":""},"class_list":["post-4533","page","type-page","status-publish","hentry"],"_links":{"self":[{"href":"https:\/\/cmvsh.fr\/Essaiswordpress\/wp-json\/wp\/v2\/pages\/4533","targetHints":{"allow":["GET"]}}],"collection":[{"href":"https:\/\/cmvsh.fr\/Essaiswordpress\/wp-json\/wp\/v2\/pages"}],"about":[{"href":"https:\/\/cmvsh.fr\/Essaiswordpress\/wp-json\/wp\/v2\/types\/page"}],"author":[{"embeddable":true,"href":"https:\/\/cmvsh.fr\/Essaiswordpress\/wp-json\/wp\/v2\/users\/1"}],"replies":[{"embeddable":true,"href":"https:\/\/cmvsh.fr\/Essaiswordpress\/wp-json\/wp\/v2\/comments?post=4533"}],"version-history":[{"count":62,"href":"https:\/\/cmvsh.fr\/Essaiswordpress\/wp-json\/wp\/v2\/pages\/4533\/revisions"}],"predecessor-version":[{"id":8970,"href":"https:\/\/cmvsh.fr\/Essaiswordpress\/wp-json\/wp\/v2\/pages\/4533\/revisions\/8970"}],"wp:attachment":[{"href":"https:\/\/cmvsh.fr\/Essaiswordpress\/wp-json\/wp\/v2\/media?parent=4533"}],"curies":[{"name":"wp","href":"https:\/\/api.w.org\/{rel}","templated":true}]}}