{"id":3372,"date":"2019-09-10T12:06:20","date_gmt":"2019-09-10T10:06:20","guid":{"rendered":"http:\/\/cmvsh.fr\/Essaiswordpress\/?page_id=3372"},"modified":"2019-09-22T10:27:01","modified_gmt":"2019-09-22T08:27:01","slug":"les-videos-de-la-petite-cite-de-caractere","status":"publish","type":"page","link":"https:\/\/cmvsh.fr\/Essaiswordpress\/les-videos-de-la-petite-cite-de-caractere\/","title":{"rendered":"Les vid\u00e9os de la petite cit\u00e9 de caract\u00e8re"},"content":{"rendered":"<p><video controls=\"controls\" width=\"600\" height=\"400\"><source src=\"http:\/\/cmvsh.fr\/video\/0_bande_annonce.mp4\">tag<\/video><br \/>\nANNONCE<br \/>\n<video controls=\"controls\" width=\"600\" height=\"400\"><source src=\"http:\/\/cmvsh.fr\/video\/1_Cormicy_ville_moderne.mp4\">Your browser does not support the video tag<\/video><br \/>\nCORMICY VILLE MODERNE<br \/>\n<video controls=\"controls\" width=\"600\" height=\"400\"><source src=\"http:\/\/cmvsh.fr\/video\/2_Cormicy_et_le_souvenir_de_14_18.mp4\">Your browser does not support the video tag<\/video><br \/>\nCORMICY ET 14-18<br \/>\n<video controls=\"controls\" width=\"600\" height=\"400\"><source src=\"http:\/\/cmvsh.fr\/video\/3_La_reconstruction_de_Cormicy.mp4\">Your browser does not support the video tag<\/video><br \/>\nLA RECONSTRUCTION DE CORMICY<br \/>\n<video controls=\"controls\" width=\"600\" height=\"400\"><source src=\"http:\/\/cmvsh.fr\/video\/4_Champagne.mp4\">Your browser does not support the video tag<\/video><br \/>\nCORMICY ET LE CHAMPAGNE<\/p>\n<p><!------------------------------------------------------><\/p>\n","protected":false},"excerpt":{"rendered":"<div class=\"slide-text-bg2\"><span>tag ANNONCE Your browser does not support the video tag CORMICY VILLE MODERNE Your browser does not support the video tag CORMICY ET 14-18 Your browser doe<\/span><\/div>\n<div class=\"slide-btn-area-sm\"><a href=\"https:\/\/cmvsh.fr\/Essaiswordpress\/les-videos-de-la-petite-cite-de-caractere\/\" class=\"slide-btn-sm\">Lire la suite<\/a><\/div>\n","protected":false},"author":1,"featured_media":0,"parent":0,"menu_order":0,"comment_status":"closed","ping_status":"closed","template":"","meta":{"footnotes":""},"class_list":["post-3372","page","type-page","status-publish","hentry"],"_links":{"self":[{"href":"https:\/\/cmvsh.fr\/Essaiswordpress\/wp-json\/wp\/v2\/pages\/3372","targetHints":{"allow":["GET"]}}],"collection":[{"href":"https:\/\/cmvsh.fr\/Essaiswordpress\/wp-json\/wp\/v2\/pages"}],"about":[{"href":"https:\/\/cmvsh.fr\/Essaiswordpress\/wp-json\/wp\/v2\/types\/page"}],"author":[{"embeddable":true,"href":"https:\/\/cmvsh.fr\/Essaiswordpress\/wp-json\/wp\/v2\/users\/1"}],"replies":[{"embeddable":true,"href":"https:\/\/cmvsh.fr\/Essaiswordpress\/wp-json\/wp\/v2\/comments?post=3372"}],"version-history":[{"count":4,"href":"https:\/\/cmvsh.fr\/Essaiswordpress\/wp-json\/wp\/v2\/pages\/3372\/revisions"}],"predecessor-version":[{"id":3383,"href":"https:\/\/cmvsh.fr\/Essaiswordpress\/wp-json\/wp\/v2\/pages\/3372\/revisions\/3383"}],"wp:attachment":[{"href":"https:\/\/cmvsh.fr\/Essaiswordpress\/wp-json\/wp\/v2\/media?parent=3372"}],"curies":[{"name":"wp","href":"https:\/\/api.w.org\/{rel}","templated":true}]}}