{"id":1771,"date":"2018-09-10T19:39:54","date_gmt":"2018-09-10T17:39:54","guid":{"rendered":"http:\/\/cmvsh.fr\/Essaiswordpress\/?page_id=1771"},"modified":"2022-04-05T19:11:32","modified_gmt":"2022-04-05T17:11:32","slug":"les-videos-du-massif","status":"publish","type":"page","link":"https:\/\/cmvsh.fr\/Essaiswordpress\/les-videos-du-massif\/","title":{"rendered":"Les Vignes du Massif"},"content":{"rendered":"<p><video controls=\"controls\" width=\"600\" height=\"400\"><source src=\"http:\/\/cmvsh.fr\/video\/2018_07_31_Les_vignes_de_Cormicy_Web.mp4\">Your browser does not support the video tag<\/video><br \/>\nCORMICY<br \/>\n<video controls=\"controls\" width=\"600\" height=\"400\"><source src=\"http:\/\/cmvsh.fr\/video\/2018_07_Les_Vignes_de_Cauroy_600x400_3MbsWeb.mp4\">Your browser does not support the video tag<\/video><br \/>\nCAUROY-LES-HERMONVILLES<br \/>\n<video controls=\"controls\" width=\"600\" height=\"400\"><source src=\"http:\/\/cmvsh.fr\/video\/2018_07_Les_vignes_de_BrimontWeb.mp4\">Your browser does not support the video tag<\/video><br \/>\nBRIMONT<br \/>\n<video controls=\"controls\" width=\"600\" height=\"400\"><source src=\"http:\/\/cmvsh.fr\/video\/2018_07_Les_vignes_de_ChenayWeb.mp4\">Your browser does not support the video tag<\/video><br \/>\nCHENAY<br \/>\n<video controls=\"controls\" width=\"600\" height=\"400\"><source src=\"http:\/\/cmvsh.fr\/video\/2018_07_Les_Vignes_d'HermonvilleWeb.mp4\">Your browser does not support the video tag<\/video><br \/>\nHERMONVILLE<br \/>\n<video controls=\"controls\" width=\"600\" height=\"400\"><source src=\"http:\/\/cmvsh.fr\/video\/2018_07_MerfyWeb.mp4\">Your browser does not support the video tag<\/video><br \/>\nMERFY<br \/>\n<video controls=\"controls\" width=\"600\" height=\"400\"><source src=\"http:\/\/cmvsh.fr\/video\/2018_07_PevyWeb.mp4\">Your browser does not support the video tag<\/video><br \/>\nPEVY<br \/>\n<video controls=\"controls\" width=\"600\" height=\"400\"><source src=\"http:\/\/cmvsh.fr\/video\/2018_07_ProuillyWeb.mp4\">Your browser does not support the video tag<\/video><br \/>\nPROUILLY<br \/>\n<video controls=\"controls\" width=\"600\" height=\"400\"><source src=\"http:\/\/cmvsh.fr\/video\/2018_07_Les_vignes_de_St_Thierry_Twitter720pHDWeb.mp4\">Your browser does not support the video tag<\/video><br \/>\nSt THIERRY<br \/>\n<video controls=\"controls\" width=\"600\" height=\"400\"><source src=\"http:\/\/cmvsh.fr\/video\/2018_07_Les vignes_de_Thil1280x720TwitterWeb.mp4\">Your browser does not support the video tag<\/video><br \/>\nTHIL<br \/>\n<video controls=\"controls\" width=\"600\" height=\"400\"><source src=\"http:\/\/cmvsh.fr\/video\/2018_07_Les_vignes_de_TRIGNYTwitter720HDWeb.mp4\">Your browser does not support the video tag<\/video><br \/>\nTRIGNY<br \/>\n<video controls=\"controls\" width=\"600\" height=\"400\"><source src=\"http:\/\/cmvsh.fr\/video\/2018_07_Les_Vignes_de_Villers-FranqueuxmobileDevice480pSDWideWeb.mp4\">Your browser does not support the video tag<\/video><br \/>\nVILLERS-FRANQUEUX<\/p>\n<div class=\"minuscule\"><small><br \/>\nCopyright \u00a9 2018 Fran\u00e7ois Menci\u00e8re &#8211; Tous droits r\u00e9serv\u00e9s &#8211; Pour toute copie de texte(s), de photos ou croquis, ou utilisation, demander l&rsquo;autorisation \u00e0 l&rsquo;Auteur.<br \/>\n<\/small><\/div>\n<p>Pour avoir les vid\u00e9os en Haute r\u00e9solution adressez-vous \u00e0 Fran\u00e7ois Menci\u00e8re, Cormicy.<br \/>\n<!------------------------------------------------------><\/p>\n","protected":false},"excerpt":{"rendered":"<div class=\"slide-text-bg2\"><span>Your browser does not support the video tag CORMICY Your browser does not support the video tag CAUROY-LES-HERMONVILLES Your browser does not support the v<\/span><\/div>\n<div class=\"slide-btn-area-sm\"><a href=\"https:\/\/cmvsh.fr\/Essaiswordpress\/les-videos-du-massif\/\" class=\"slide-btn-sm\">Lire la suite<\/a><\/div>\n","protected":false},"author":1,"featured_media":0,"parent":0,"menu_order":0,"comment_status":"closed","ping_status":"closed","template":"","meta":{"footnotes":""},"class_list":["post-1771","page","type-page","status-publish","hentry"],"_links":{"self":[{"href":"https:\/\/cmvsh.fr\/Essaiswordpress\/wp-json\/wp\/v2\/pages\/1771","targetHints":{"allow":["GET"]}}],"collection":[{"href":"https:\/\/cmvsh.fr\/Essaiswordpress\/wp-json\/wp\/v2\/pages"}],"about":[{"href":"https:\/\/cmvsh.fr\/Essaiswordpress\/wp-json\/wp\/v2\/types\/page"}],"author":[{"embeddable":true,"href":"https:\/\/cmvsh.fr\/Essaiswordpress\/wp-json\/wp\/v2\/users\/1"}],"replies":[{"embeddable":true,"href":"https:\/\/cmvsh.fr\/Essaiswordpress\/wp-json\/wp\/v2\/comments?post=1771"}],"version-history":[{"count":40,"href":"https:\/\/cmvsh.fr\/Essaiswordpress\/wp-json\/wp\/v2\/pages\/1771\/revisions"}],"predecessor-version":[{"id":6596,"href":"https:\/\/cmvsh.fr\/Essaiswordpress\/wp-json\/wp\/v2\/pages\/1771\/revisions\/6596"}],"wp:attachment":[{"href":"https:\/\/cmvsh.fr\/Essaiswordpress\/wp-json\/wp\/v2\/media?parent=1771"}],"curies":[{"name":"wp","href":"https:\/\/api.w.org\/{rel}","templated":true}]}}