{"id":1463,"date":"2017-11-11T10:26:43","date_gmt":"2017-11-11T09:26:43","guid":{"rendered":"http:\/\/cmvsh.fr\/Essaiswordpress\/?page_id=1463"},"modified":"2017-11-11T15:30:49","modified_gmt":"2017-11-11T14:30:49","slug":"annees","status":"publish","type":"page","link":"https:\/\/cmvsh.fr\/Essaiswordpress\/annees\/","title":{"rendered":"Ann\u00e9es"},"content":{"rendered":"<p>Voici les ann\u00e9es r\u00e9pertori\u00e9es:<br \/>\n<ul>\t<li><a href='https:\/\/cmvsh.fr\/Essaiswordpress\/2026\/'>2026<\/a><\/li>\n\t<li><a href='https:\/\/cmvsh.fr\/Essaiswordpress\/2025\/'>2025<\/a><\/li>\n\t<li><a href='https:\/\/cmvsh.fr\/Essaiswordpress\/2024\/'>2024<\/a><\/li>\n\t<li><a href='https:\/\/cmvsh.fr\/Essaiswordpress\/2023\/'>2023<\/a><\/li>\n\t<li><a href='https:\/\/cmvsh.fr\/Essaiswordpress\/2022\/'>2022<\/a><\/li>\n\t<li><a href='https:\/\/cmvsh.fr\/Essaiswordpress\/2021\/'>2021<\/a><\/li>\n\t<li><a href='https:\/\/cmvsh.fr\/Essaiswordpress\/2020\/'>2020<\/a><\/li>\n\t<li><a href='https:\/\/cmvsh.fr\/Essaiswordpress\/2019\/'>2019<\/a><\/li>\n\t<li><a href='https:\/\/cmvsh.fr\/Essaiswordpress\/2018\/'>2018<\/a><\/li>\n\t<li><a href='https:\/\/cmvsh.fr\/Essaiswordpress\/2017\/'>2017<\/a><\/li>\n\t<li><a href='https:\/\/cmvsh.fr\/Essaiswordpress\/2016\/'>2016<\/a><\/li>\n\t<li><a href='https:\/\/cmvsh.fr\/Essaiswordpress\/2015\/'>2015<\/a><\/li>\n\t<li><a href='https:\/\/cmvsh.fr\/Essaiswordpress\/2014\/'>2014<\/a><\/li>\n\t<li><a href='https:\/\/cmvsh.fr\/Essaiswordpress\/2013\/'>2013<\/a><\/li>\n\t<li><a href='https:\/\/cmvsh.fr\/Essaiswordpress\/2012\/'>2012<\/a><\/li>\n\t<li><a href='https:\/\/cmvsh.fr\/Essaiswordpress\/2011\/'>2011<\/a><\/li>\n\t<li><a href='https:\/\/cmvsh.fr\/Essaiswordpress\/2010\/'>2010<\/a><\/li>\n\t<li><a href='https:\/\/cmvsh.fr\/Essaiswordpress\/2009\/'>2009<\/a><\/li>\n\t<li><a href='https:\/\/cmvsh.fr\/Essaiswordpress\/2008\/'>2008<\/a><\/li>\n<\/ul><\/p>\n<select name=\"archive-dropdown\" onchange=\"document.location.href=this.options[this.selectedIndex].value;\"> <option value=\"\">Select Year<\/option>\t<option value='https:\/\/cmvsh.fr\/Essaiswordpress\/2026\/'> 2026 <\/option>\n\t<option value='https:\/\/cmvsh.fr\/Essaiswordpress\/2025\/'> 2025 <\/option>\n\t<option value='https:\/\/cmvsh.fr\/Essaiswordpress\/2024\/'> 2024 <\/option>\n\t<option value='https:\/\/cmvsh.fr\/Essaiswordpress\/2023\/'> 2023 <\/option>\n\t<option value='https:\/\/cmvsh.fr\/Essaiswordpress\/2022\/'> 2022 <\/option>\n\t<option value='https:\/\/cmvsh.fr\/Essaiswordpress\/2021\/'> 2021 <\/option>\n\t<option value='https:\/\/cmvsh.fr\/Essaiswordpress\/2020\/'> 2020 <\/option>\n\t<option value='https:\/\/cmvsh.fr\/Essaiswordpress\/2019\/'> 2019 <\/option>\n\t<option value='https:\/\/cmvsh.fr\/Essaiswordpress\/2018\/'> 2018 <\/option>\n\t<option value='https:\/\/cmvsh.fr\/Essaiswordpress\/2017\/'> 2017 <\/option>\n\t<option value='https:\/\/cmvsh.fr\/Essaiswordpress\/2016\/'> 2016 <\/option>\n\t<option value='https:\/\/cmvsh.fr\/Essaiswordpress\/2015\/'> 2015 <\/option>\n\t<option value='https:\/\/cmvsh.fr\/Essaiswordpress\/2014\/'> 2014 <\/option>\n\t<option value='https:\/\/cmvsh.fr\/Essaiswordpress\/2013\/'> 2013 <\/option>\n\t<option value='https:\/\/cmvsh.fr\/Essaiswordpress\/2012\/'> 2012 <\/option>\n\t<option value='https:\/\/cmvsh.fr\/Essaiswordpress\/2011\/'> 2011 <\/option>\n\t<option value='https:\/\/cmvsh.fr\/Essaiswordpress\/2010\/'> 2010 <\/option>\n\t<option value='https:\/\/cmvsh.fr\/Essaiswordpress\/2009\/'> 2009 <\/option>\n\t<option value='https:\/\/cmvsh.fr\/Essaiswordpress\/2008\/'> 2008 <\/option>\n<\/select>\n","protected":false},"excerpt":{"rendered":"<div class=\"slide-text-bg2\"><span>Voici les ann\u00e9es r\u00e9pertori\u00e9es:<\/span><\/div>\n","protected":false},"author":1,"featured_media":0,"parent":0,"menu_order":0,"comment_status":"closed","ping_status":"closed","template":"","meta":{"footnotes":""},"class_list":["post-1463","page","type-page","status-publish","hentry"],"_links":{"self":[{"href":"https:\/\/cmvsh.fr\/Essaiswordpress\/wp-json\/wp\/v2\/pages\/1463","targetHints":{"allow":["GET"]}}],"collection":[{"href":"https:\/\/cmvsh.fr\/Essaiswordpress\/wp-json\/wp\/v2\/pages"}],"about":[{"href":"https:\/\/cmvsh.fr\/Essaiswordpress\/wp-json\/wp\/v2\/types\/page"}],"author":[{"embeddable":true,"href":"https:\/\/cmvsh.fr\/Essaiswordpress\/wp-json\/wp\/v2\/users\/1"}],"replies":[{"embeddable":true,"href":"https:\/\/cmvsh.fr\/Essaiswordpress\/wp-json\/wp\/v2\/comments?post=1463"}],"version-history":[{"count":7,"href":"https:\/\/cmvsh.fr\/Essaiswordpress\/wp-json\/wp\/v2\/pages\/1463\/revisions"}],"predecessor-version":[{"id":1542,"href":"https:\/\/cmvsh.fr\/Essaiswordpress\/wp-json\/wp\/v2\/pages\/1463\/revisions\/1542"}],"wp:attachment":[{"href":"https:\/\/cmvsh.fr\/Essaiswordpress\/wp-json\/wp\/v2\/media?parent=1463"}],"curies":[{"name":"wp","href":"https:\/\/api.w.org\/{rel}","templated":true}]}}