{"id":1459,"date":"2017-11-10T19:51:17","date_gmt":"2017-11-10T18:51:17","guid":{"rendered":"http:\/\/cmvsh.fr\/Essaiswordpress\/?page_id=1459"},"modified":"2019-02-12T18:57:53","modified_gmt":"2019-02-12T17:57:53","slug":"categories","status":"publish","type":"page","link":"https:\/\/cmvsh.fr\/Essaiswordpress\/categories\/","title":{"rendered":"Activit\u00e9s"},"content":{"rendered":"\n<p>Articles les plus r\u00e9cents:<\/p>\n\n\n<ul class=\"wp-block-latest-posts__list wp-block-latest-posts\"><li><a class=\"wp-block-latest-posts__post-title\" href=\"https:\/\/cmvsh.fr\/Essaiswordpress\/ag-2026\/\">AG 2026<\/a><\/li>\n<li><a class=\"wp-block-latest-posts__post-title\" href=\"https:\/\/cmvsh.fr\/Essaiswordpress\/concert-christelle-loury-14-octobre-2025\/\">Concert Christelle LOURY 04 octobre 2025<\/a><\/li>\n<li><a class=\"wp-block-latest-posts__post-title\" href=\"https:\/\/cmvsh.fr\/Essaiswordpress\/trophees-du-grand-est\/\">Troph\u00e9es du Grand-Est 2025<\/a><\/li>\n<li><a class=\"wp-block-latest-posts__post-title\" href=\"https:\/\/cmvsh.fr\/Essaiswordpress\/20-septembre-2025-une-journee-consacree-a-la-memoire-des-lieux\/\">20 septembre 2025, une journ\u00e9e consacr\u00e9e \u00e0 la m\u00e9moire des lieux.<\/a><\/li>\n<li><a class=\"wp-block-latest-posts__post-title\" href=\"https:\/\/cmvsh.fr\/Essaiswordpress\/le-barrage-de-berry-au-bac-25-09-2025\/\">Le Barrage de Berry-au-Bac : 25\/09\/2025<\/a><\/li>\n<\/ul>\n\n\n<p>Les articles par ann\u00e9e :<\/p>\n\n\n<ul class=\"wp-block-archives-list wp-block-archives\">\t<li><a href='https:\/\/cmvsh.fr\/Essaiswordpress\/2026\/02\/'>f\u00e9vrier 2026<\/a>&nbsp;(1)<\/li>\n\t<li><a href='https:\/\/cmvsh.fr\/Essaiswordpress\/2025\/10\/'>octobre 2025<\/a>&nbsp;(1)<\/li>\n\t<li><a href='https:\/\/cmvsh.fr\/Essaiswordpress\/2025\/09\/'>septembre 2025<\/a>&nbsp;(3)<\/li>\n\t<li><a href='https:\/\/cmvsh.fr\/Essaiswordpress\/2025\/06\/'>juin 2025<\/a>&nbsp;(2)<\/li>\n\t<li><a href='https:\/\/cmvsh.fr\/Essaiswordpress\/2025\/05\/'>mai 2025<\/a>&nbsp;(1)<\/li>\n\t<li><a href='https:\/\/cmvsh.fr\/Essaiswordpress\/2025\/04\/'>avril 2025<\/a>&nbsp;(1)<\/li>\n\t<li><a href='https:\/\/cmvsh.fr\/Essaiswordpress\/2025\/02\/'>f\u00e9vrier 2025<\/a>&nbsp;(1)<\/li>\n\t<li><a href='https:\/\/cmvsh.fr\/Essaiswordpress\/2024\/11\/'>novembre 2024<\/a>&nbsp;(2)<\/li>\n\t<li><a href='https:\/\/cmvsh.fr\/Essaiswordpress\/2024\/10\/'>octobre 2024<\/a>&nbsp;(1)<\/li>\n\t<li><a href='https:\/\/cmvsh.fr\/Essaiswordpress\/2024\/09\/'>septembre 2024<\/a>&nbsp;(1)<\/li>\n\t<li><a href='https:\/\/cmvsh.fr\/Essaiswordpress\/2024\/08\/'>ao\u00fbt 2024<\/a>&nbsp;(1)<\/li>\n\t<li><a href='https:\/\/cmvsh.fr\/Essaiswordpress\/2024\/06\/'>juin 2024<\/a>&nbsp;(1)<\/li>\n\t<li><a href='https:\/\/cmvsh.fr\/Essaiswordpress\/2024\/05\/'>mai 2024<\/a>&nbsp;(2)<\/li>\n\t<li><a href='https:\/\/cmvsh.fr\/Essaiswordpress\/2024\/04\/'>avril 2024<\/a>&nbsp;(2)<\/li>\n\t<li><a href='https:\/\/cmvsh.fr\/Essaiswordpress\/2023\/12\/'>d\u00e9cembre 2023<\/a>&nbsp;(1)<\/li>\n\t<li><a href='https:\/\/cmvsh.fr\/Essaiswordpress\/2023\/10\/'>octobre 2023<\/a>&nbsp;(2)<\/li>\n\t<li><a href='https:\/\/cmvsh.fr\/Essaiswordpress\/2023\/09\/'>septembre 2023<\/a>&nbsp;(1)<\/li>\n\t<li><a href='https:\/\/cmvsh.fr\/Essaiswordpress\/2023\/07\/'>juillet 2023<\/a>&nbsp;(1)<\/li>\n\t<li><a href='https:\/\/cmvsh.fr\/Essaiswordpress\/2023\/05\/'>mai 2023<\/a>&nbsp;(1)<\/li>\n\t<li><a href='https:\/\/cmvsh.fr\/Essaiswordpress\/2023\/04\/'>avril 2023<\/a>&nbsp;(2)<\/li>\n\t<li><a href='https:\/\/cmvsh.fr\/Essaiswordpress\/2023\/02\/'>f\u00e9vrier 2023<\/a>&nbsp;(1)<\/li>\n\t<li><a href='https:\/\/cmvsh.fr\/Essaiswordpress\/2022\/12\/'>d\u00e9cembre 2022<\/a>&nbsp;(1)<\/li>\n\t<li><a href='https:\/\/cmvsh.fr\/Essaiswordpress\/2022\/11\/'>novembre 2022<\/a>&nbsp;(2)<\/li>\n\t<li><a href='https:\/\/cmvsh.fr\/Essaiswordpress\/2022\/09\/'>septembre 2022<\/a>&nbsp;(1)<\/li>\n\t<li><a href='https:\/\/cmvsh.fr\/Essaiswordpress\/2022\/07\/'>juillet 2022<\/a>&nbsp;(1)<\/li>\n\t<li><a href='https:\/\/cmvsh.fr\/Essaiswordpress\/2022\/06\/'>juin 2022<\/a>&nbsp;(2)<\/li>\n\t<li><a href='https:\/\/cmvsh.fr\/Essaiswordpress\/2022\/05\/'>mai 2022<\/a>&nbsp;(1)<\/li>\n\t<li><a href='https:\/\/cmvsh.fr\/Essaiswordpress\/2022\/04\/'>avril 2022<\/a>&nbsp;(2)<\/li>\n\t<li><a href='https:\/\/cmvsh.fr\/Essaiswordpress\/2021\/12\/'>d\u00e9cembre 2021<\/a>&nbsp;(1)<\/li>\n\t<li><a href='https:\/\/cmvsh.fr\/Essaiswordpress\/2021\/11\/'>novembre 2021<\/a>&nbsp;(1)<\/li>\n\t<li><a href='https:\/\/cmvsh.fr\/Essaiswordpress\/2021\/10\/'>octobre 2021<\/a>&nbsp;(1)<\/li>\n\t<li><a href='https:\/\/cmvsh.fr\/Essaiswordpress\/2021\/08\/'>ao\u00fbt 2021<\/a>&nbsp;(1)<\/li>\n\t<li><a href='https:\/\/cmvsh.fr\/Essaiswordpress\/2021\/06\/'>juin 2021<\/a>&nbsp;(3)<\/li>\n\t<li><a href='https:\/\/cmvsh.fr\/Essaiswordpress\/2021\/03\/'>mars 2021<\/a>&nbsp;(1)<\/li>\n\t<li><a href='https:\/\/cmvsh.fr\/Essaiswordpress\/2020\/10\/'>octobre 2020<\/a>&nbsp;(2)<\/li>\n\t<li><a href='https:\/\/cmvsh.fr\/Essaiswordpress\/2020\/07\/'>juillet 2020<\/a>&nbsp;(1)<\/li>\n\t<li><a href='https:\/\/cmvsh.fr\/Essaiswordpress\/2020\/05\/'>mai 2020<\/a>&nbsp;(1)<\/li>\n\t<li><a href='https:\/\/cmvsh.fr\/Essaiswordpress\/2019\/12\/'>d\u00e9cembre 2019<\/a>&nbsp;(1)<\/li>\n\t<li><a href='https:\/\/cmvsh.fr\/Essaiswordpress\/2019\/11\/'>novembre 2019<\/a>&nbsp;(1)<\/li>\n\t<li><a href='https:\/\/cmvsh.fr\/Essaiswordpress\/2019\/07\/'>juillet 2019<\/a>&nbsp;(2)<\/li>\n\t<li><a href='https:\/\/cmvsh.fr\/Essaiswordpress\/2019\/06\/'>juin 2019<\/a>&nbsp;(1)<\/li>\n\t<li><a href='https:\/\/cmvsh.fr\/Essaiswordpress\/2019\/05\/'>mai 2019<\/a>&nbsp;(2)<\/li>\n\t<li><a href='https:\/\/cmvsh.fr\/Essaiswordpress\/2019\/03\/'>mars 2019<\/a>&nbsp;(1)<\/li>\n\t<li><a href='https:\/\/cmvsh.fr\/Essaiswordpress\/2019\/01\/'>janvier 2019<\/a>&nbsp;(2)<\/li>\n\t<li><a href='https:\/\/cmvsh.fr\/Essaiswordpress\/2018\/11\/'>novembre 2018<\/a>&nbsp;(3)<\/li>\n\t<li><a href='https:\/\/cmvsh.fr\/Essaiswordpress\/2018\/09\/'>septembre 2018<\/a>&nbsp;(1)<\/li>\n\t<li><a href='https:\/\/cmvsh.fr\/Essaiswordpress\/2018\/06\/'>juin 2018<\/a>&nbsp;(1)<\/li>\n\t<li><a href='https:\/\/cmvsh.fr\/Essaiswordpress\/2018\/04\/'>avril 2018<\/a>&nbsp;(1)<\/li>\n\t<li><a href='https:\/\/cmvsh.fr\/Essaiswordpress\/2017\/11\/'>novembre 2017<\/a>&nbsp;(1)<\/li>\n\t<li><a href='https:\/\/cmvsh.fr\/Essaiswordpress\/2017\/09\/'>septembre 2017<\/a>&nbsp;(1)<\/li>\n\t<li><a href='https:\/\/cmvsh.fr\/Essaiswordpress\/2017\/07\/'>juillet 2017<\/a>&nbsp;(2)<\/li>\n\t<li><a href='https:\/\/cmvsh.fr\/Essaiswordpress\/2017\/06\/'>juin 2017<\/a>&nbsp;(1)<\/li>\n\t<li><a href='https:\/\/cmvsh.fr\/Essaiswordpress\/2017\/03\/'>mars 2017<\/a>&nbsp;(2)<\/li>\n\t<li><a href='https:\/\/cmvsh.fr\/Essaiswordpress\/2016\/11\/'>novembre 2016<\/a>&nbsp;(3)<\/li>\n\t<li><a href='https:\/\/cmvsh.fr\/Essaiswordpress\/2016\/09\/'>septembre 2016<\/a>&nbsp;(1)<\/li>\n\t<li><a href='https:\/\/cmvsh.fr\/Essaiswordpress\/2016\/07\/'>juillet 2016<\/a>&nbsp;(2)<\/li>\n\t<li><a href='https:\/\/cmvsh.fr\/Essaiswordpress\/2016\/06\/'>juin 2016<\/a>&nbsp;(1)<\/li>\n\t<li><a href='https:\/\/cmvsh.fr\/Essaiswordpress\/2016\/05\/'>mai 2016<\/a>&nbsp;(1)<\/li>\n\t<li><a href='https:\/\/cmvsh.fr\/Essaiswordpress\/2016\/03\/'>mars 2016<\/a>&nbsp;(1)<\/li>\n\t<li><a href='https:\/\/cmvsh.fr\/Essaiswordpress\/2015\/10\/'>octobre 2015<\/a>&nbsp;(1)<\/li>\n\t<li><a href='https:\/\/cmvsh.fr\/Essaiswordpress\/2015\/06\/'>juin 2015<\/a>&nbsp;(1)<\/li>\n\t<li><a href='https:\/\/cmvsh.fr\/Essaiswordpress\/2015\/05\/'>mai 2015<\/a>&nbsp;(1)<\/li>\n\t<li><a href='https:\/\/cmvsh.fr\/Essaiswordpress\/2015\/04\/'>avril 2015<\/a>&nbsp;(1)<\/li>\n\t<li><a href='https:\/\/cmvsh.fr\/Essaiswordpress\/2015\/03\/'>mars 2015<\/a>&nbsp;(2)<\/li>\n\t<li><a href='https:\/\/cmvsh.fr\/Essaiswordpress\/2014\/11\/'>novembre 2014<\/a>&nbsp;(3)<\/li>\n\t<li><a href='https:\/\/cmvsh.fr\/Essaiswordpress\/2014\/06\/'>juin 2014<\/a>&nbsp;(3)<\/li>\n\t<li><a href='https:\/\/cmvsh.fr\/Essaiswordpress\/2014\/04\/'>avril 2014<\/a>&nbsp;(2)<\/li>\n\t<li><a href='https:\/\/cmvsh.fr\/Essaiswordpress\/2013\/08\/'>ao\u00fbt 2013<\/a>&nbsp;(1)<\/li>\n\t<li><a href='https:\/\/cmvsh.fr\/Essaiswordpress\/2013\/06\/'>juin 2013<\/a>&nbsp;(1)<\/li>\n\t<li><a href='https:\/\/cmvsh.fr\/Essaiswordpress\/2012\/11\/'>novembre 2012<\/a>&nbsp;(3)<\/li>\n\t<li><a href='https:\/\/cmvsh.fr\/Essaiswordpress\/2012\/09\/'>septembre 2012<\/a>&nbsp;(1)<\/li>\n\t<li><a href='https:\/\/cmvsh.fr\/Essaiswordpress\/2012\/06\/'>juin 2012<\/a>&nbsp;(1)<\/li>\n\t<li><a href='https:\/\/cmvsh.fr\/Essaiswordpress\/2012\/04\/'>avril 2012<\/a>&nbsp;(1)<\/li>\n\t<li><a href='https:\/\/cmvsh.fr\/Essaiswordpress\/2012\/03\/'>mars 2012<\/a>&nbsp;(1)<\/li>\n\t<li><a href='https:\/\/cmvsh.fr\/Essaiswordpress\/2012\/01\/'>janvier 2012<\/a>&nbsp;(1)<\/li>\n\t<li><a href='https:\/\/cmvsh.fr\/Essaiswordpress\/2011\/11\/'>novembre 2011<\/a>&nbsp;(1)<\/li>\n\t<li><a href='https:\/\/cmvsh.fr\/Essaiswordpress\/2011\/09\/'>septembre 2011<\/a>&nbsp;(1)<\/li>\n\t<li><a href='https:\/\/cmvsh.fr\/Essaiswordpress\/2011\/06\/'>juin 2011<\/a>&nbsp;(1)<\/li>\n\t<li><a href='https:\/\/cmvsh.fr\/Essaiswordpress\/2011\/01\/'>janvier 2011<\/a>&nbsp;(1)<\/li>\n\t<li><a href='https:\/\/cmvsh.fr\/Essaiswordpress\/2010\/11\/'>novembre 2010<\/a>&nbsp;(3)<\/li>\n\t<li><a href='https:\/\/cmvsh.fr\/Essaiswordpress\/2010\/07\/'>juillet 2010<\/a>&nbsp;(1)<\/li>\n\t<li><a href='https:\/\/cmvsh.fr\/Essaiswordpress\/2010\/06\/'>juin 2010<\/a>&nbsp;(2)<\/li>\n\t<li><a href='https:\/\/cmvsh.fr\/Essaiswordpress\/2010\/03\/'>mars 2010<\/a>&nbsp;(1)<\/li>\n\t<li><a href='https:\/\/cmvsh.fr\/Essaiswordpress\/2010\/01\/'>janvier 2010<\/a>&nbsp;(2)<\/li>\n\t<li><a href='https:\/\/cmvsh.fr\/Essaiswordpress\/2009\/11\/'>novembre 2009<\/a>&nbsp;(4)<\/li>\n\t<li><a href='https:\/\/cmvsh.fr\/Essaiswordpress\/2008\/11\/'>novembre 2008<\/a>&nbsp;(3)<\/li>\n\t<li><a href='https:\/\/cmvsh.fr\/Essaiswordpress\/2008\/10\/'>octobre 2008<\/a>&nbsp;(1)<\/li>\n\t<li><a href='https:\/\/cmvsh.fr\/Essaiswordpress\/2008\/07\/'>juillet 2008<\/a>&nbsp;(1)<\/li>\n\t<li><a href='https:\/\/cmvsh.fr\/Essaiswordpress\/2008\/06\/'>juin 2008<\/a>&nbsp;(1)<\/li>\n<\/ul>","protected":false},"excerpt":{"rendered":"<div class=\"slide-text-bg2\"><span>Articles les plus r\u00e9cents: Les articles par ann\u00e9e :<\/span><\/div>\n","protected":false},"author":1,"featured_media":0,"parent":0,"menu_order":0,"comment_status":"closed","ping_status":"closed","template":"","meta":{"footnotes":""},"class_list":["post-1459","page","type-page","status-publish","hentry"],"_links":{"self":[{"href":"https:\/\/cmvsh.fr\/Essaiswordpress\/wp-json\/wp\/v2\/pages\/1459","targetHints":{"allow":["GET"]}}],"collection":[{"href":"https:\/\/cmvsh.fr\/Essaiswordpress\/wp-json\/wp\/v2\/pages"}],"about":[{"href":"https:\/\/cmvsh.fr\/Essaiswordpress\/wp-json\/wp\/v2\/types\/page"}],"author":[{"embeddable":true,"href":"https:\/\/cmvsh.fr\/Essaiswordpress\/wp-json\/wp\/v2\/users\/1"}],"replies":[{"embeddable":true,"href":"https:\/\/cmvsh.fr\/Essaiswordpress\/wp-json\/wp\/v2\/comments?post=1459"}],"version-history":[{"count":9,"href":"https:\/\/cmvsh.fr\/Essaiswordpress\/wp-json\/wp\/v2\/pages\/1459\/revisions"}],"predecessor-version":[{"id":2552,"href":"https:\/\/cmvsh.fr\/Essaiswordpress\/wp-json\/wp\/v2\/pages\/1459\/revisions\/2552"}],"wp:attachment":[{"href":"https:\/\/cmvsh.fr\/Essaiswordpress\/wp-json\/wp\/v2\/media?parent=1459"}],"curies":[{"name":"wp","href":"https:\/\/api.w.org\/{rel}","templated":true}]}}